{"id":294,"date":"2022-11-11T16:50:09","date_gmt":"2022-11-11T16:50:09","guid":{"rendered":"http:\/\/lawyer2.mythemecloud.io\/?page_id=294"},"modified":"2024-09-04T13:14:48","modified_gmt":"2024-09-04T13:14:48","slug":"services","status":"publish","type":"page","link":"https:\/\/mkjaccountants.co.uk\/pl\/services\/","title":{"rendered":"Us\u0142ugi"},"content":{"rendered":"<div data-elementor-type=\"wp-post\" data-elementor-id=\"294\" class=\"elementor elementor-294\">\n\t\t\t\t\t\t<section class=\"elementor-section elementor-top-section elementor-element elementor-element-75a8fc1 elementor-section-boxed elementor-section-height-default elementor-section-height-default\" data-id=\"75a8fc1\" data-element_type=\"section\" data-e-type=\"section\">\n\t\t\t\t\t\t<div class=\"elementor-container elementor-column-gap-default\">\n\t\t\t\t\t<div class=\"elementor-column elementor-col-100 elementor-top-column elementor-element elementor-element-57d39f0\" data-id=\"57d39f0\" data-element_type=\"column\" data-e-type=\"column\">\n\t\t\t<div class=\"elementor-widget-wrap elementor-element-populated\">\n\t\t\t\t\t\t<div class=\"elementor-element elementor-element-842ba58 elementor-widget-divider--view-line elementor-widget elementor-widget-divider\" data-id=\"842ba58\" data-element_type=\"widget\" data-e-type=\"widget\" data-widget_type=\"divider.default\">\n\t\t\t\t<div class=\"elementor-widget-container\">\n\t\t\t\t\t\t\t<div class=\"elementor-divider\">\n\t\t\t<span class=\"elementor-divider-separator\">\n\t\t\t\t\t\t<\/span>\n\t\t<\/div>\n\t\t\t\t\t\t<\/div>\n\t\t\t\t<\/div>\n\t\t\t\t<section class=\"elementor-section elementor-inner-section elementor-element elementor-element-c5a3f4b elementor-section-boxed elementor-section-height-default elementor-section-height-default\" data-id=\"c5a3f4b\" data-element_type=\"section\" data-e-type=\"section\">\n\t\t\t\t\t\t<div class=\"elementor-container elementor-column-gap-default\">\n\t\t\t\t\t<div class=\"elementor-column elementor-col-50 elementor-inner-column elementor-element elementor-element-744b6d6\" data-id=\"744b6d6\" data-element_type=\"column\" data-e-type=\"column\">\n\t\t\t<div class=\"elementor-widget-wrap elementor-element-populated\">\n\t\t\t\t\t\t<div class=\"elementor-element elementor-element-04bd02c elementor-widget elementor-widget-heading\" data-id=\"04bd02c\" data-element_type=\"widget\" data-e-type=\"widget\" data-widget_type=\"heading.default\">\n\t\t\t\t<div class=\"elementor-widget-container\">\n\t\t\t\t\t<h2 class=\"elementor-heading-title elementor-size-default\">Self-Employed<\/h2>\t\t\t\t<\/div>\n\t\t\t\t<\/div>\n\t\t\t\t<div class=\"elementor-element elementor-element-7a76c06 elementor-widget elementor-widget-text-editor\" data-id=\"7a76c06\" data-element_type=\"widget\" data-e-type=\"widget\" data-widget_type=\"text-editor.default\">\n\t\t\t\t<div class=\"elementor-widget-container\">\n\t\t\t\t\t\t\t\t\t<p>Najpopularniejsza forma w\u0142asnej dzia\u0142alno\u015bci w UK. Deklaracje podatkowe sk\u0142ada si\u0119 jeden raz\nw roku.<\/p><p>Zajmiemy si\u0119 kompleksowo w kwestii zwi\u0105zanych z rejestracj\u0105, rozliczeniem, a r\u00f3wnie\u017c z zamkni\u0119ciem dzia\u0142alno\u015bci w razie potrzeby.<\/p>\t\t\t\t\t\t\t\t<\/div>\n\t\t\t\t<\/div>\n\t\t\t\t\t<\/div>\n\t\t<\/div>\n\t\t\t\t<div class=\"elementor-column elementor-col-50 elementor-inner-column elementor-element elementor-element-0abd35e\" data-id=\"0abd35e\" data-element_type=\"column\" data-e-type=\"column\">\n\t\t\t<div class=\"elementor-widget-wrap elementor-element-populated\">\n\t\t\t\t\t\t<div class=\"elementor-element elementor-element-ab4189d elementor-widget elementor-widget-heading\" data-id=\"ab4189d\" data-element_type=\"widget\" data-e-type=\"widget\" data-widget_type=\"heading.default\">\n\t\t\t\t<div class=\"elementor-widget-container\">\n\t\t\t\t\t<h2 class=\"elementor-heading-title elementor-size-default\">Firmy Limited<\/h2>\t\t\t\t<\/div>\n\t\t\t\t<\/div>\n\t\t\t\t<div class=\"elementor-element elementor-element-f027b74 elementor-widget elementor-widget-text-editor\" data-id=\"f027b74\" data-element_type=\"widget\" data-e-type=\"widget\" data-widget_type=\"text-editor.default\">\n\t\t\t\t<div class=\"elementor-widget-container\">\n\t\t\t\t\t\t\t\t\t<p>Zajmiemy si\u0119 kompleksowo obs\u0142uga twojej firmy i wyja\u015bnimy, jak dzia\u0142a Firma Limited.<\/p><ul><li>Rejestracja firmy w Companies House i HMRC<\/li><li>Miesi\u0119czne wynagrodzenia dla pracownik\u00f3w - PAYE<\/li><li>Rozliczenia VAT (je\u015bli firma jest zarejestrowana)<\/li><li>CIS \u2013 raportowanie dla kontraktor\u00f3w oraz podwykonawc\u00f3w<\/li><li>Sk\u0142adanie sprawozda\u0144 finansowych \u2013 Annual Accounts<\/li><li>Rozliczenie podatku firmy \u2013 Corporation Tax<\/li><li>Sk\u0142adanie Confirmation Statement do Companies House<\/li><li>Self Assessment dyrektor\u00f3w<\/li><\/ul>\t\t\t\t\t\t\t\t<\/div>\n\t\t\t\t<\/div>\n\t\t\t\t\t<\/div>\n\t\t<\/div>\n\t\t\t\t\t<\/div>\n\t\t<\/section>\n\t\t\t\t<div class=\"elementor-element elementor-element-ec0829c elementor-widget-divider--view-line elementor-widget elementor-widget-divider\" data-id=\"ec0829c\" data-element_type=\"widget\" data-e-type=\"widget\" data-widget_type=\"divider.default\">\n\t\t\t\t<div class=\"elementor-widget-container\">\n\t\t\t\t\t\t\t<div class=\"elementor-divider\">\n\t\t\t<span class=\"elementor-divider-separator\">\n\t\t\t\t\t\t<\/span>\n\t\t<\/div>\n\t\t\t\t\t\t<\/div>\n\t\t\t\t<\/div>\n\t\t\t\t\t<\/div>\n\t\t<\/div>\n\t\t\t\t\t<\/div>\n\t\t<\/section>\n\t\t\t\t<section class=\"elementor-section elementor-top-section elementor-element elementor-element-d61e5c1 elementor-section-boxed elementor-section-height-default elementor-section-height-default\" data-id=\"d61e5c1\" data-element_type=\"section\" data-e-type=\"section\">\n\t\t\t\t\t\t<div class=\"elementor-container elementor-column-gap-default\">\n\t\t\t\t\t<div class=\"elementor-column elementor-col-100 elementor-top-column elementor-element elementor-element-a8fadf8\" data-id=\"a8fadf8\" data-element_type=\"column\" data-e-type=\"column\">\n\t\t\t<div class=\"elementor-widget-wrap elementor-element-populated\">\n\t\t\t\t\t\t<section class=\"elementor-section elementor-inner-section elementor-element elementor-element-4459251 elementor-section-boxed elementor-section-height-default elementor-section-height-default\" data-id=\"4459251\" data-element_type=\"section\" data-e-type=\"section\">\n\t\t\t\t\t\t<div class=\"elementor-container elementor-column-gap-default\">\n\t\t\t\t\t<div class=\"elementor-column elementor-col-50 elementor-inner-column elementor-element elementor-element-91e5816\" data-id=\"91e5816\" data-element_type=\"column\" data-e-type=\"column\">\n\t\t\t<div class=\"elementor-widget-wrap elementor-element-populated\">\n\t\t\t\t\t\t<div class=\"elementor-element elementor-element-9fde1fe elementor-widget elementor-widget-heading\" data-id=\"9fde1fe\" data-element_type=\"widget\" data-e-type=\"widget\" data-widget_type=\"heading.default\">\n\t\t\t\t<div class=\"elementor-widget-container\">\n\t\t\t\t\t<h2 class=\"elementor-heading-title elementor-size-default\">Partnership<\/h2>\t\t\t\t<\/div>\n\t\t\t\t<\/div>\n\t\t\t\t<div class=\"elementor-element elementor-element-8f3ffb8 elementor-widget elementor-widget-text-editor\" data-id=\"8f3ffb8\" data-element_type=\"widget\" data-e-type=\"widget\" data-widget_type=\"text-editor.default\">\n\t\t\t\t<div class=\"elementor-widget-container\">\n\t\t\t\t\t\t\t\t\t<div class=\"FFpbKc\"><p>Partnership, jest podobna forma dzia\u0142alno\u015bci jak Self-Employed, tyle ze firm\u0105 zarz\u0105dza co\nnajmniej dw\u00f3ch partner\u00f3w.<\/p><\/div><div class=\"QcsUad BDJ8fb BLojaf\" role=\"region\" aria-labelledby=\"ucj-5\"><div class=\"usGWQd\" aria-live=\"polite\"><div class=\"KkbLmb\"><div class=\"lRu31\"><span class=\"HwtZe\" lang=\"en\"><span class=\"jCAhz ChMk0b\"><span class=\"ryNqvb\">Prowadzimy kompleksow\u0105 obs\u0142ug\u0119: rejestracja Partnership, rozliczenia roczne, a tak\u017ce zamkni\u0119cie firmy Partnership w razie potrzeby.<\/span><\/span><\/span><\/div><\/div><\/div><\/div>\t\t\t\t\t\t\t\t<\/div>\n\t\t\t\t<\/div>\n\t\t\t\t\t<\/div>\n\t\t<\/div>\n\t\t\t\t<div class=\"elementor-column elementor-col-50 elementor-inner-column elementor-element elementor-element-2842e2c\" data-id=\"2842e2c\" data-element_type=\"column\" data-e-type=\"column\">\n\t\t\t<div class=\"elementor-widget-wrap elementor-element-populated\">\n\t\t\t\t\t\t<div class=\"elementor-element elementor-element-e122452 elementor-widget elementor-widget-heading\" data-id=\"e122452\" data-element_type=\"widget\" data-e-type=\"widget\" data-widget_type=\"heading.default\">\n\t\t\t\t<div class=\"elementor-widget-container\">\n\t\t\t\t\t<h2 class=\"elementor-heading-title elementor-size-default\">Rozliczenia VAT<\/h2>\t\t\t\t<\/div>\n\t\t\t\t<\/div>\n\t\t\t\t<div class=\"elementor-element elementor-element-edd7543 elementor-widget elementor-widget-text-editor\" data-id=\"edd7543\" data-element_type=\"widget\" data-e-type=\"widget\" data-widget_type=\"text-editor.default\">\n\t\t\t\t<div class=\"elementor-widget-container\">\n\t\t\t\t\t\t\t\t\t<p>Biznes kt\u00f3ry przekroczy \u00a385,000 ma obowi\u0105zek zarejestrowania si\u0119 na podatek VAT. Od kwietnia 2022 jest obowi\u0105zek wysy\u0142ania deklaracji i trzymania dokument\u00f3w w systemie MTD.\n(HMRC). Zajmiemy si\u0119 rejestracj\u0105 i rozliczeniem CIS twojej firmy w dost\u0119pnych cenach.<\/p>\t\t\t\t\t\t\t\t<\/div>\n\t\t\t\t<\/div>\n\t\t\t\t\t<\/div>\n\t\t<\/div>\n\t\t\t\t\t<\/div>\n\t\t<\/section>\n\t\t\t\t\t<\/div>\n\t\t<\/div>\n\t\t\t\t\t<\/div>\n\t\t<\/section>\n\t\t\t\t<section class=\"elementor-section elementor-top-section elementor-element elementor-element-6b178fd elementor-section-boxed elementor-section-height-default elementor-section-height-default\" data-id=\"6b178fd\" data-element_type=\"section\" data-e-type=\"section\">\n\t\t\t\t\t\t<div class=\"elementor-container elementor-column-gap-default\">\n\t\t\t\t\t<div class=\"elementor-column elementor-col-100 elementor-top-column elementor-element elementor-element-76ee9b3\" data-id=\"76ee9b3\" data-element_type=\"column\" data-e-type=\"column\">\n\t\t\t<div class=\"elementor-widget-wrap elementor-element-populated\">\n\t\t\t\t\t\t<div class=\"elementor-element elementor-element-c152eee elementor-widget-divider--view-line elementor-widget elementor-widget-divider\" data-id=\"c152eee\" data-element_type=\"widget\" data-e-type=\"widget\" data-widget_type=\"divider.default\">\n\t\t\t\t<div class=\"elementor-widget-container\">\n\t\t\t\t\t\t\t<div class=\"elementor-divider\">\n\t\t\t<span class=\"elementor-divider-separator\">\n\t\t\t\t\t\t<\/span>\n\t\t<\/div>\n\t\t\t\t\t\t<\/div>\n\t\t\t\t<\/div>\n\t\t\t\t<div class=\"elementor-element elementor-element-30e1668 elementor-widget elementor-widget-heading\" data-id=\"30e1668\" data-element_type=\"widget\" data-e-type=\"widget\" data-widget_type=\"heading.default\">\n\t\t\t\t<div class=\"elementor-widget-container\">\n\t\t\t\t\t<h2 class=\"elementor-heading-title elementor-size-default\">Rejestracja CIS<\/h2>\t\t\t\t<\/div>\n\t\t\t\t<\/div>\n\t\t\t\t<div class=\"elementor-element elementor-element-6ebd1ec elementor-widget elementor-widget-text-editor\" data-id=\"6ebd1ec\" data-element_type=\"widget\" data-e-type=\"widget\" data-widget_type=\"text-editor.default\">\n\t\t\t\t<div class=\"elementor-widget-container\">\n\t\t\t\t\t\t\t\t\t<p>CIS (Construction Industry Scheme) jest systemem kt\u00f3ry reguluje zasady rozlicze\u0144 i p\u0142atno\u015bci mi\u0119dzy wykonawcami (Contractor) i podwykonawcami (Subcontractor) w bran\u017cy budowlanej.<br \/>Zajmiemy si\u0119 rejestracj\u0105 i rozliczeniem CIS twojej firmy w dost\u0119pnych cenach.<\/p>\t\t\t\t\t\t\t\t<\/div>\n\t\t\t\t<\/div>\n\t\t\t\t\t<\/div>\n\t\t<\/div>\n\t\t\t\t\t<\/div>\n\t\t<\/section>\n\t\t\t\t<section class=\"elementor-section elementor-top-section elementor-element elementor-element-7903717 elementor-section-boxed elementor-section-height-default elementor-section-height-default\" data-id=\"7903717\" data-element_type=\"section\" data-e-type=\"section\">\n\t\t\t\t\t\t<div class=\"elementor-container elementor-column-gap-default\">\n\t\t\t\t\t<div class=\"elementor-column elementor-col-100 elementor-top-column elementor-element elementor-element-3e8f088\" data-id=\"3e8f088\" data-element_type=\"column\" data-e-type=\"column\">\n\t\t\t<div class=\"elementor-widget-wrap elementor-element-populated\">\n\t\t\t\t\t\t<div class=\"elementor-element elementor-element-beecfec elementor-widget-divider--view-line elementor-widget elementor-widget-divider\" data-id=\"beecfec\" data-element_type=\"widget\" data-e-type=\"widget\" data-widget_type=\"divider.default\">\n\t\t\t\t<div class=\"elementor-widget-container\">\n\t\t\t\t\t\t\t<div class=\"elementor-divider\">\n\t\t\t<span class=\"elementor-divider-separator\">\n\t\t\t\t\t\t<\/span>\n\t\t<\/div>\n\t\t\t\t\t\t<\/div>\n\t\t\t\t<\/div>\n\t\t\t\t<div class=\"elementor-element elementor-element-1189c13 elementor-widget elementor-widget-heading\" data-id=\"1189c13\" data-element_type=\"widget\" data-e-type=\"widget\" data-widget_type=\"heading.default\">\n\t\t\t\t<div class=\"elementor-widget-container\">\n\t\t\t\t\t<h2 class=\"elementor-heading-title elementor-size-default\">Korepetycje<\/h2>\t\t\t\t<\/div>\n\t\t\t\t<\/div>\n\t\t\t\t<div class=\"elementor-element elementor-element-417c79e elementor-widget elementor-widget-text-editor\" data-id=\"417c79e\" data-element_type=\"widget\" data-e-type=\"widget\" data-widget_type=\"text-editor.default\">\n\t\t\t\t<div class=\"elementor-widget-container\">\n\t\t\t\t\t\t\t\t\t<p>Korepetycje wspieraj\u0105ce w nauce do egzamin\u00f3w AAT i ACCA.<\/p>\t\t\t\t\t\t\t\t<\/div>\n\t\t\t\t<\/div>\n\t\t\t\t<div class=\"elementor-element elementor-element-4bd03f9 elementor-widget-divider--view-line elementor-widget elementor-widget-divider\" data-id=\"4bd03f9\" data-element_type=\"widget\" data-e-type=\"widget\" data-widget_type=\"divider.default\">\n\t\t\t\t<div class=\"elementor-widget-container\">\n\t\t\t\t\t\t\t<div class=\"elementor-divider\">\n\t\t\t<span class=\"elementor-divider-separator\">\n\t\t\t\t\t\t<\/span>\n\t\t<\/div>\n\t\t\t\t\t\t<\/div>\n\t\t\t\t<\/div>\n\t\t\t\t\t<\/div>\n\t\t<\/div>\n\t\t\t\t\t<\/div>\n\t\t<\/section>\n\t\t\t\t<\/div>","protected":false},"excerpt":{"rendered":"<p>Self-Employed The most popular form of business in the UK. Tax returns are submitted once a year. We will deal comprehensively with issues relating to registration, tax returns, as well as closing your business if necessary. Limited Company We will take care of comprehensive services for your company, and explain how a limited company works. [&hellip;]<\/p>\n","protected":false},"author":1,"featured_media":0,"parent":0,"menu_order":0,"comment_status":"closed","ping_status":"closed","template":"","meta":{"ocean_post_layout":"full-screen","ocean_both_sidebars_style":"","ocean_both_sidebars_content_width":0,"ocean_both_sidebars_sidebars_width":0,"ocean_sidebar":"0","ocean_second_sidebar":"0","ocean_disable_margins":"enable","ocean_add_body_class":"","ocean_shortcode_before_top_bar":"","ocean_shortcode_after_top_bar":"","ocean_shortcode_before_header":"","ocean_shortcode_after_header":"","ocean_has_shortcode":"","ocean_shortcode_after_title":"","ocean_shortcode_before_footer_widgets":"","ocean_shortcode_after_footer_widgets":"","ocean_shortcode_before_footer_bottom":"","ocean_shortcode_after_footer_bottom":"","ocean_display_top_bar":"default","ocean_display_header":"default","ocean_header_style":"","ocean_center_header_left_menu":"0","ocean_custom_header_template":"0","ocean_custom_logo":0,"ocean_custom_retina_logo":0,"ocean_custom_logo_max_width":0,"ocean_custom_logo_tablet_max_width":0,"ocean_custom_logo_mobile_max_width":0,"ocean_custom_logo_max_height":0,"ocean_custom_logo_tablet_max_height":0,"ocean_custom_logo_mobile_max_height":0,"ocean_header_custom_menu":"0","ocean_menu_typo_font_family":"0","ocean_menu_typo_font_subset":"","ocean_menu_typo_font_size":0,"ocean_menu_typo_font_size_tablet":0,"ocean_menu_typo_font_size_mobile":0,"ocean_menu_typo_font_size_unit":"px","ocean_menu_typo_font_weight":"","ocean_menu_typo_font_weight_tablet":"","ocean_menu_typo_font_weight_mobile":"","ocean_menu_typo_transform":"","ocean_menu_typo_transform_tablet":"","ocean_menu_typo_transform_mobile":"","ocean_menu_typo_line_height":0,"ocean_menu_typo_line_height_tablet":0,"ocean_menu_typo_line_height_mobile":0,"ocean_menu_typo_line_height_unit":"","ocean_menu_typo_spacing":0,"ocean_menu_typo_spacing_tablet":0,"ocean_menu_typo_spacing_mobile":0,"ocean_menu_typo_spacing_unit":"","ocean_menu_link_color":"","ocean_menu_link_color_hover":"","ocean_menu_link_color_active":"","ocean_menu_link_background":"","ocean_menu_link_hover_background":"","ocean_menu_link_active_background":"","ocean_menu_social_links_bg":"","ocean_menu_social_hover_links_bg":"","ocean_menu_social_links_color":"","ocean_menu_social_hover_links_color":"","ocean_disable_title":"default","ocean_disable_heading":"default","ocean_post_title":"","ocean_post_subheading":"","ocean_post_title_style":"","ocean_post_title_background_color":"","ocean_post_title_background":0,"ocean_post_title_bg_image_position":"","ocean_post_title_bg_image_attachment":"","ocean_post_title_bg_image_repeat":"","ocean_post_title_bg_image_size":"","ocean_post_title_height":0,"ocean_post_title_bg_overlay":0.5,"ocean_post_title_bg_overlay_color":"","ocean_disable_breadcrumbs":"default","ocean_breadcrumbs_color":"","ocean_breadcrumbs_separator_color":"","ocean_breadcrumbs_links_color":"","ocean_breadcrumbs_links_hover_color":"","ocean_display_footer_widgets":"default","ocean_display_footer_bottom":"default","ocean_custom_footer_template":"0","footnotes":""},"class_list":["post-294","page","type-page","status-publish","hentry","entry"],"yoast_head":"<!-- This site is optimized with the Yoast SEO plugin v27.4 - https:\/\/yoast.com\/product\/yoast-seo-wordpress\/ -->\n<title>Services - MKJ Accountants<\/title>\n<meta name=\"robots\" content=\"index, follow, max-snippet:-1, max-image-preview:large, max-video-preview:-1\" \/>\n<link rel=\"canonical\" href=\"https:\/\/mkjaccountants.co.uk\/pl\/services\/\" \/>\n<meta property=\"og:locale\" content=\"pl_PL\" \/>\n<meta property=\"og:type\" content=\"article\" \/>\n<meta property=\"og:title\" content=\"Services - MKJ Accountants\" \/>\n<meta property=\"og:description\" content=\"Self-Employed The most popular form of business in the UK. Tax returns are submitted once a year. We will deal comprehensively with issues relating to registration, tax returns, as well as closing your business if necessary. Limited Company We will take care of comprehensive services for your company, and explain how a limited company works. [&hellip;]\" \/>\n<meta property=\"og:url\" content=\"https:\/\/mkjaccountants.co.uk\/pl\/services\/\" \/>\n<meta property=\"og:site_name\" content=\"MKJ Accountants\" \/>\n<meta property=\"article:publisher\" content=\"https:\/\/www.facebook.com\/people\/Polska-Ksigowa\/100080679756496\/\" \/>\n<meta property=\"article:modified_time\" content=\"2024-09-04T13:14:48+00:00\" \/>\n<meta name=\"twitter:card\" content=\"summary_large_image\" \/>\n<meta name=\"twitter:label1\" content=\"Szacowany czas czytania\" \/>\n\t<meta name=\"twitter:data1\" content=\"1 minuta\" \/>\n<script type=\"application\/ld+json\" class=\"yoast-schema-graph\">{\"@context\":\"https:\\\/\\\/schema.org\",\"@graph\":[{\"@type\":\"WebPage\",\"@id\":\"https:\\\/\\\/mkjaccountants.co.uk\\\/services\\\/\",\"url\":\"https:\\\/\\\/mkjaccountants.co.uk\\\/services\\\/\",\"name\":\"Services - MKJ Accountants\",\"isPartOf\":{\"@id\":\"https:\\\/\\\/mkjaccountants.co.uk\\\/#website\"},\"datePublished\":\"2022-11-11T16:50:09+00:00\",\"dateModified\":\"2024-09-04T13:14:48+00:00\",\"breadcrumb\":{\"@id\":\"https:\\\/\\\/mkjaccountants.co.uk\\\/services\\\/#breadcrumb\"},\"inLanguage\":\"pl-PL\",\"potentialAction\":[{\"@type\":\"ReadAction\",\"target\":[\"https:\\\/\\\/mkjaccountants.co.uk\\\/services\\\/\"]}]},{\"@type\":\"BreadcrumbList\",\"@id\":\"https:\\\/\\\/mkjaccountants.co.uk\\\/services\\\/#breadcrumb\",\"itemListElement\":[{\"@type\":\"ListItem\",\"position\":1,\"name\":\"Home\",\"item\":\"https:\\\/\\\/mkjaccountants.co.uk\\\/\"},{\"@type\":\"ListItem\",\"position\":2,\"name\":\"Services\"}]},{\"@type\":\"WebSite\",\"@id\":\"https:\\\/\\\/mkjaccountants.co.uk\\\/#website\",\"url\":\"https:\\\/\\\/mkjaccountants.co.uk\\\/\",\"name\":\"MKJ Accountants\",\"description\":\"Accountancy Services, Polska Ksi\u0119gowa, Hounslow, UK\",\"publisher\":{\"@id\":\"https:\\\/\\\/mkjaccountants.co.uk\\\/#organization\"},\"potentialAction\":[{\"@type\":\"SearchAction\",\"target\":{\"@type\":\"EntryPoint\",\"urlTemplate\":\"https:\\\/\\\/mkjaccountants.co.uk\\\/?s={search_term_string}\"},\"query-input\":{\"@type\":\"PropertyValueSpecification\",\"valueRequired\":true,\"valueName\":\"search_term_string\"}}],\"inLanguage\":\"pl-PL\"},{\"@type\":\"Organization\",\"@id\":\"https:\\\/\\\/mkjaccountants.co.uk\\\/#organization\",\"name\":\"MKJ Accountants\",\"url\":\"https:\\\/\\\/mkjaccountants.co.uk\\\/\",\"logo\":{\"@type\":\"ImageObject\",\"inLanguage\":\"pl-PL\",\"@id\":\"https:\\\/\\\/mkjaccountants.co.uk\\\/#\\\/schema\\\/logo\\\/image\\\/\",\"url\":\"https:\\\/\\\/mkjaccountants.co.uk\\\/wp-content\\\/uploads\\\/2022\\\/12\\\/LogoMakr-0EZBIb.png\",\"contentUrl\":\"https:\\\/\\\/mkjaccountants.co.uk\\\/wp-content\\\/uploads\\\/2022\\\/12\\\/LogoMakr-0EZBIb.png\",\"width\":200,\"height\":62,\"caption\":\"MKJ Accountants\"},\"image\":{\"@id\":\"https:\\\/\\\/mkjaccountants.co.uk\\\/#\\\/schema\\\/logo\\\/image\\\/\"},\"sameAs\":[\"https:\\\/\\\/www.facebook.com\\\/people\\\/Polska-Ksigowa\\\/100080679756496\\\/\"]}]}<\/script>\n<!-- \/ Yoast SEO plugin. -->","yoast_head_json":{"title":"Services - MKJ Accountants","robots":{"index":"index","follow":"follow","max-snippet":"max-snippet:-1","max-image-preview":"max-image-preview:large","max-video-preview":"max-video-preview:-1"},"canonical":"https:\/\/mkjaccountants.co.uk\/pl\/services\/","og_locale":"pl_PL","og_type":"article","og_title":"Services - MKJ Accountants","og_description":"Self-Employed The most popular form of business in the UK. Tax returns are submitted once a year. We will deal comprehensively with issues relating to registration, tax returns, as well as closing your business if necessary. Limited Company We will take care of comprehensive services for your company, and explain how a limited company works. [&hellip;]","og_url":"https:\/\/mkjaccountants.co.uk\/pl\/services\/","og_site_name":"MKJ Accountants","article_publisher":"https:\/\/www.facebook.com\/people\/Polska-Ksigowa\/100080679756496\/","article_modified_time":"2024-09-04T13:14:48+00:00","twitter_card":"summary_large_image","twitter_misc":{"Szacowany czas czytania":"1 minuta"},"schema":{"@context":"https:\/\/schema.org","@graph":[{"@type":"WebPage","@id":"https:\/\/mkjaccountants.co.uk\/services\/","url":"https:\/\/mkjaccountants.co.uk\/services\/","name":"Services - MKJ Accountants","isPartOf":{"@id":"https:\/\/mkjaccountants.co.uk\/#website"},"datePublished":"2022-11-11T16:50:09+00:00","dateModified":"2024-09-04T13:14:48+00:00","breadcrumb":{"@id":"https:\/\/mkjaccountants.co.uk\/services\/#breadcrumb"},"inLanguage":"pl-PL","potentialAction":[{"@type":"ReadAction","target":["https:\/\/mkjaccountants.co.uk\/services\/"]}]},{"@type":"BreadcrumbList","@id":"https:\/\/mkjaccountants.co.uk\/services\/#breadcrumb","itemListElement":[{"@type":"ListItem","position":1,"name":"Home","item":"https:\/\/mkjaccountants.co.uk\/"},{"@type":"ListItem","position":2,"name":"Services"}]},{"@type":"WebSite","@id":"https:\/\/mkjaccountants.co.uk\/#website","url":"https:\/\/mkjaccountants.co.uk\/","name":"MKJ Biuro Rachunkowe - Polska Ksi\u0119gowa UK","description":"Accountancy Services, Polska Ksi\u0119gowa, Hounslow, UK","publisher":{"@id":"https:\/\/mkjaccountants.co.uk\/#organization"},"potentialAction":[{"@type":"SearchAction","target":{"@type":"EntryPoint","urlTemplate":"https:\/\/mkjaccountants.co.uk\/?s={search_term_string}"},"query-input":{"@type":"PropertyValueSpecification","valueRequired":true,"valueName":"search_term_string"}}],"inLanguage":"pl-PL"},{"@type":"Organization","@id":"https:\/\/mkjaccountants.co.uk\/#organization","name":"MKJ Biuro Rachunkowe - Polska Ksi\u0119gowa UK","url":"https:\/\/mkjaccountants.co.uk\/","logo":{"@type":"ImageObject","inLanguage":"pl-PL","@id":"https:\/\/mkjaccountants.co.uk\/#\/schema\/logo\/image\/","url":"https:\/\/mkjaccountants.co.uk\/wp-content\/uploads\/2022\/12\/LogoMakr-0EZBIb.png","contentUrl":"https:\/\/mkjaccountants.co.uk\/wp-content\/uploads\/2022\/12\/LogoMakr-0EZBIb.png","width":200,"height":62,"caption":"MKJ Accountants"},"image":{"@id":"https:\/\/mkjaccountants.co.uk\/#\/schema\/logo\/image\/"},"sameAs":["https:\/\/www.facebook.com\/people\/Polska-Ksigowa\/100080679756496\/"]}]}},"_links":{"self":[{"href":"https:\/\/mkjaccountants.co.uk\/pl\/wp-json\/wp\/v2\/pages\/294","targetHints":{"allow":["GET"]}}],"collection":[{"href":"https:\/\/mkjaccountants.co.uk\/pl\/wp-json\/wp\/v2\/pages"}],"about":[{"href":"https:\/\/mkjaccountants.co.uk\/pl\/wp-json\/wp\/v2\/types\/page"}],"author":[{"embeddable":true,"href":"https:\/\/mkjaccountants.co.uk\/pl\/wp-json\/wp\/v2\/users\/1"}],"replies":[{"embeddable":true,"href":"https:\/\/mkjaccountants.co.uk\/pl\/wp-json\/wp\/v2\/comments?post=294"}],"version-history":[{"count":107,"href":"https:\/\/mkjaccountants.co.uk\/pl\/wp-json\/wp\/v2\/pages\/294\/revisions"}],"predecessor-version":[{"id":1689,"href":"https:\/\/mkjaccountants.co.uk\/pl\/wp-json\/wp\/v2\/pages\/294\/revisions\/1689"}],"wp:attachment":[{"href":"https:\/\/mkjaccountants.co.uk\/pl\/wp-json\/wp\/v2\/media?parent=294"}],"curies":[{"name":"wp","href":"https:\/\/api.w.org\/{rel}","templated":true}]}}